{"id":2326,"date":"2021-02-09T10:03:07","date_gmt":"2021-02-09T10:03:07","guid":{"rendered":"https:\/\/preview.tutorlms.com\/starter\/?page_id=2326"},"modified":"2026-03-16T23:12:36","modified_gmt":"2026-03-16T21:12:36","slug":"kaptenikooli-kasutustingimused","status":"publish","type":"page","link":"https:\/\/kaptenikool.ee\/en\/kaptenikooli-kasutustingimused\/","title":{"rendered":"Kaptenikooli kasutustingimused"},"content":{"rendered":"<div data-elementor-type=\"wp-page\" data-elementor-id=\"2326\" class=\"elementor elementor-2326\">\n\t\t\t\t<div class=\"elementor-element elementor-element-8b6a821 e-con-full e-flex e-con e-parent\" data-id=\"8b6a821\" data-element_type=\"container\" data-e-type=\"container\" data-settings=\"{&quot;background_background&quot;:&quot;classic&quot;}\">\n\t\t<div class=\"elementor-element elementor-element-44f5a54 e-flex e-con-boxed e-con e-child\" data-id=\"44f5a54\" data-element_type=\"container\" data-e-type=\"container\">\n\t\t\t\t\t<div class=\"e-con-inner\">\n\t\t\t\t<div class=\"elementor-element elementor-element-b4f0532 elementor-invisible elementor-widget elementor-widget-heading\" data-id=\"b4f0532\" data-element_type=\"widget\" data-e-type=\"widget\" data-settings=\"{&quot;_animation&quot;:&quot;fadeIn&quot;}\" data-widget_type=\"heading.default\">\n\t\t\t\t<div class=\"elementor-widget-container\">\n\t\t\t\t\t<h1 class=\"elementor-heading-title elementor-size-default\">kasutajatingimused<\/h1>\t\t\t\t<\/div>\n\t\t\t\t<\/div>\n\t\t\t\t\t<\/div>\n\t\t\t\t<\/div>\n\t\t\t\t<\/div>\n\t\t<div class=\"elementor-element elementor-element-a6a0f9e e-flex e-con-boxed e-con e-parent\" data-id=\"a6a0f9e\" data-element_type=\"container\" data-e-type=\"container\" data-settings=\"{&quot;background_background&quot;:&quot;classic&quot;}\">\n\t\t\t\t\t<div class=\"e-con-inner\">\n\t\t<div class=\"elementor-element elementor-element-b07d89d e-con-full e-flex e-con e-child\" data-id=\"b07d89d\" data-element_type=\"container\" data-e-type=\"container\">\n\t\t\t\t<div class=\"elementor-element elementor-element-f325409 elementor-invisible elementor-widget elementor-widget-heading\" data-id=\"f325409\" data-element_type=\"widget\" data-e-type=\"widget\" data-settings=\"{&quot;_animation&quot;:&quot;fadeIn&quot;}\" data-widget_type=\"heading.default\">\n\t\t\t\t<div class=\"elementor-widget-container\">\n\t\t\t\t\t<h2 class=\"elementor-heading-title elementor-size-default\">Kaptenikooli kasutajatingimused<\/h2>\t\t\t\t<\/div>\n\t\t\t\t<\/div>\n\t\t\t\t<div class=\"elementor-element elementor-element-5942e03 elementor-invisible elementor-widget elementor-widget-text-editor\" data-id=\"5942e03\" data-element_type=\"widget\" data-e-type=\"widget\" data-settings=\"{&quot;_animation&quot;:&quot;fadeIn&quot;,&quot;_animation_delay&quot;:100}\" data-widget_type=\"text-editor.default\">\n\t\t\t\t<div class=\"elementor-widget-container\">\n\t\t\t\t\t\t\t\t\t<ol>\n<li><strong>\u00dcldinfo<\/strong>\n<ol>\n<li>Kaptenikooli veebikeskkonna kasutajatingimused (edaspidi Tingimused) kohalduvad internetilehek\u00fcljele kaptenikool.ee ning selle alamlehek\u00fclgedele (edaspidi Veebikeskkond), mis kuuluvad Kaptenikool O\u00dc-le, registrikood 12860340, e-mail: info@kaptenikool.ee (edaspidi Kaptenikool).<\/li>\n<li>Veebikeskkonna kasutamisega kinnitab kasutaja (edaspidi Kasutaja), et on k\u00e4esolevate tingimustega tutvunud, neist aru saanud ning aktsepteerib neid t\u00e4ielikult.<\/li>\n<li>Kui Kasutaja on registreerunud Veebikeskkonna \u00f5pilaseks, tasunud kursuse tasu pangalingi kaudu ja Kaptenikool on saatnud vastu registreerimiskinnituse, on Kaptenikooli ja Kasutaja vahel s\u00f5lmitud ostu-m\u00fc\u00fcgi leping.<\/li>\n<\/ol>\n<\/li>\n<li><strong>Kaptenikooli Veebikeskkonna sisu<\/strong>\n<ol>\n<li>Kaptenikool pakub Veebikeskkonna kaudu ligip\u00e4\u00e4su v\u00e4ikelaevajuhikursuse teooria \u00f5ppematerjalidele.<\/li>\n<li>Kaptenikool on teinud omalt poolt k\u00f5ik v\u00f5imaliku, et Veebikeskkonnas sisalduv informatsioon oleks t\u00e4pne ja t\u00e4ielik, kuid Kaptenikool ei garanteeri Veebikeskkonna informatsiooni \u00f5igsust ega vastuta sellise informatsiooni kasutamisest tekkivate v\u00f5imalike tagaj\u00e4rgede eest.<\/li>\n<li>Kaptenikool ei vastuta Veebikeskkonnas olevate linkide, mis viivad kolmandate isikute internetilehek\u00fclgedele, sisu, k\u00e4ttesaadavuse v\u00f5i kasutamise eest. Kaptenikool pole kindlaks teinud sellistel lehek\u00fclgedel leiduva info t\u00f5esust, t\u00e4psust, m\u00f5istlikkust, usaldusv\u00e4\u00e4rsust ega p\u00f5hjalikkust.<\/li>\n<\/ol>\n<\/li>\n<li><strong>Autori\u00f5igus<\/strong>\n<ol>\n<li>Veebikeskkonnas sisalduvad materjalid, sh videod, joonised, graafika, fotod, tekstid ja kujundus kuuluvad Kaptenikoolile v\u00f5i on materjalid kasutuses ulatuses, mis lubab nende kasutamist Veebikeskkonnas.<\/li>\n<li>Veebilehel sisalduvate materjalide ja muu informatsiooni salvestamine, reprodutseerimine, kopeerimine, levitamine ja muul viisil kolmandatele isikutele avaldamine on keelatud.<\/li>\n<li>Autori\u00f5iguste rikkumise korral on Kaptenikoolil \u00f5igus n\u00f5uda autori\u00f5iguste rikkumise l\u00f5petamist ja kahju h\u00fcvitamist.<\/li>\n<\/ol>\n<\/li>\n<li><strong>M\u00fc\u00fcgitingimused: kursuse ostu sooritamine ja teenuse hind<\/strong>\n<ol>\n<li>Ostu sooritamiseks valib Kasutaja v\u00e4lja soovitud teenuse, sisestab registreerumisvormil tellimuse t\u00e4itmiseks n\u00f5utud andmed ja tasub teenuse eest internetipanga pangalingi vahendusel. Maksete vahendaja on Maksekeskus AS.<\/li>\n<li>Kasutaja kohustub tellimuse vormistamisel esitama t\u00f5esed andmed, mis on vajalikud tellimuse t\u00e4itmiseks. Kaptenikool ei vastuta ebakorrektsetest andmetest tingitud tellimuse mittet\u00e4itmise v\u00f5i mistahes sellest tulenevate tagaj\u00e4rgede eest.<\/li>\n<li>K\u00f5ik Veebikeskkonnas v\u00e4lja toodud hinnad on eurodes ja sisaldavad k\u00e4ibemaksu.<\/li>\n<li>Kaptenikoolil on \u00f5igus igal ajal muuta Veebikeskkonnas kuvatavaid hindu. Kui Kaptenikooli teenuste hindu on muudetud peale Kasutaja poolt tellimuse esitamist ja selle eest tasumist, kohustub Kaptenikool tagama Kasutajale vastavad tooted tellimuse hetkel kehtinud hindadega.<\/li>\n<li>P\u00e4rast teenuse eest tasu laekumist edastab Kaptenikool Kasutajale tasu laekumise kinnituse ning kasutajatunnuse ja parooli, mille abil Veebikeskkonda sisse logida. Kasutaja saab ligip\u00e4\u00e4su \u00f5ppematerjalidele teenuse kirjelduses n\u00e4idatud perioodiks.<\/li>\n<li>Kaptenikool O\u00dc on isikuandmete vastutav t\u00f6\u00f6tleja. Kaptenikool O\u00dc edastab maksete teostamiseks vajalikud isikuandmed volitatud t\u00f6\u00f6tleja Maksekeskus AS-le.<\/li>\n<\/ol>\n<\/li>\n<li><strong>Lepingust taganemine<\/strong>\n<ol>\n<li>Kasutajal on \u00f5igus taganeda lepingust 14 p\u00e4eva jooksul ainult siis, kui Kasutaja ei ole \u00fchelgi korral talle edastatud kasutajanime ja parooliga Veebikeskkonda sisse loginud.<\/li>\n<li>Lepingust taganemise ja teenuse eest tasu tagastamise soovist tuleb Kaptenikooli teavitada e-posti teel aadressil info@kaptenikool.ee. Sellisel juhul Kasutaja konto Veebikeskkonnas suletakse.<\/li>\n<li>Tagastamisel kantakse Kasutajale raha tagasi viivitamata, kuid mitte hiljem kui 30 p\u00e4eva p\u00e4rast lepingust taganemise teate saamist.<\/li>\n<li>Raha kantakse \u00fcle samale arvelduskontole, milliselt toimus selle laekumine Teenuse osutajale.<\/li>\n<\/ol>\n<\/li>\n<li><strong>Isikuandmed ja privaatsus<\/strong>\n<ol>\n<li>Registreerudes Veebikeskkonna kasutajaks v\u00f5i asudes Veebikeskkonnas pakutavaid teenuseid kasutama, annab Kasutaja Kaptenikoolile n\u00f5usoleku Kasutaja poolt registreerumisel v\u00f5i Teenuste kasutamisel edastatud andmete t\u00f6\u00f6tlemiseks ja s\u00e4ilitamiseks Teenuse osutaja infos\u00fcsteemis vastavalt seadustele ja Kasutustingimustele.<\/li>\n<li>Kasutaja registreerimisel Kaptenikooli \u00f5pilaseks valib Kasutaja teenusega seotud v\u00e4ikelaevajuhikooli ja annab sellega n\u00f5usoleku edastada tema andmed ja kursuse l\u00e4bimist puudutav info vastavale v\u00e4ikelaevajuhikoolile \u00f5ppeteenuste osutamiseks.<\/li>\n<li>Koosk\u00f5las isikuandmete kaitse seadusega s\u00e4ilitatakse isikuandmeid ainult Kasutaja loal ja ainult Veebikeskkonna teenuste osutamiseks vajalikus ulatuses.<\/li>\n<li>Kaptenikool ei edastata, avalikustata ega v\u00e4ljasta Kasutajate andmeid kolmandatele isikutele, v.a kui selleks on seadusest tulenev kohustus.<\/li>\n<li>Kaptenikooli e-kirju saavad Kaptenikooli keskkonnas registreerinud Kasutajad. Kaptenikooli e-kirjadest saab Kasutaja igal ajal loobuda.<\/li>\n<li>Kaptenikool O\u00dc on isikuandmete vastutav t\u00f6\u00f6tleja. Kaptenikool O\u00dc edastab maksete teostamiseks vajalikud isikuandmed volitatud t\u00f6\u00f6tleja Maksekeskus AS-le.<\/li>\n<\/ol>\n<\/li>\n<li><strong>Kasutaja \u00f5igused ja kohustused<\/strong>\n<ol>\n<li>Kasutajal on \u00f5igus kasutada Veebikeskkonda koosk\u00f5las Kasutustingimustega.<\/li>\n<li>Kasutaja kohustub hoidma Veebikeskkonna sisselogimiseks vajalikku kasutajatunnust ja parooli nii, et need ei satuks kolmandate isikute valdusesse. Kasutaja kohustub informeerima Kaptenikooli nimetatud andmete sattumisest kolmandate isikute valdusesse.<\/li>\n<li>Kasutajal on kohustus j\u00e4rgida Veebikeskkonna kasutamisel k\u00f5iki kohaldatavaid \u00f5igusakte ning head tava.<\/li>\n<li>Kasutaja vastutab t\u00e4ielikult Veebikeskkonna Kasutustingimuste vastasest ning seaduse v\u00f5i heade tavade vastasest Veebikeskkonna kasutamisest tekkinud kahjude eest Kaptenikoolile, teistele Veebikeskkonna teenuste kasutajatele v\u00f5i kolmandatele isikutele.<\/li>\n<\/ol>\n<\/li>\n<li><strong>Kaptenikooli \u00f5igused ja kohustused<\/strong>\n<ol>\n<li>Kaptenikoolil on \u00f5igus \u00fchepoolselt muuta Kasutustingimusi. Muudetud Kasutustingimused j\u00f5ustuvad nende Veebikeskkonnas avaldamise hetkest.<\/li>\n<li>Teenuse osutajal on \u00f5igus piirata Kasutaja juurdep\u00e4\u00e4su Veebikeskkonnale (sh sulgeda Kasutaja konto), kui Kasutaja rikub Kasutustingimusi.<\/li>\n<li>Kaptenikool ei vastuta Veebikeskkonna kasutamisel tekkida v\u00f5ivate viivituste, t\u00f5rgete v\u00f5i katkestuste eest, mida p\u00f5hjustavad Kaptenikooli kontrolli alt v\u00e4ljas olevad asjaolud nagu force majeure, elektrikatkestused, h\u00e4ired Kasutaja v\u00f5i Kaptenikooli interneti\u00fchenduses v\u00f5i muude elektrooniliste seadmete ja vahendite (sh tarkvara) t\u00f6\u00f6s.<\/li>\n<\/ol>\n<\/li>\n<li><strong>Kohaldatav \u00f5igus ja juristiktsioon<\/strong>\n<ol>\n<li>Veebikeskkonnas ja Tingimustele kohaldatakse Eesti Vabariigi \u00f5igust. K\u00f5ik vaidlused, mis tulenevad Veebikeskkonna kasutamisest ja Tingimustest, on allutatud Eesti Vabariigi kohtutele.<\/li>\n<\/ol>\n<\/li>\n<\/ol>\t\t\t\t\t\t\t\t<\/div>\n\t\t\t\t<\/div>\n\t\t\t\t<\/div>\n\t\t\t\t\t<\/div>\n\t\t\t\t<\/div>\n\t\t\t\t<\/div>","protected":false},"excerpt":{"rendered":"<p>kasutajatingimused Kaptenikooli kasutajatingimused \u00dcldinfo Kaptenikooli veebikeskkonna kasutajatingimused (edaspidi Tingimused) kohalduvad internetilehek\u00fcljele kaptenikool.ee ning selle alamlehek\u00fclgedele (edaspidi Veebikeskkond), mis<\/p>","protected":false},"author":2,"featured_media":7226,"parent":0,"menu_order":0,"comment_status":"closed","ping_status":"closed","template":"elementor_header_footer","meta":{"_tutorstarter_page_metadata":[],"footnotes":""},"class_list":["post-2326","page","type-page","status-publish","has-post-thumbnail","hentry"],"rttpg_featured_image_url":{"full":["https:\/\/kaptenikool.ee\/wp-content\/uploads\/2026\/03\/hero_bg-scaled_compressed.webp",2560,1440,false],"landscape":["https:\/\/kaptenikool.ee\/wp-content\/uploads\/2026\/03\/hero_bg-scaled_compressed.webp",2560,1440,false],"portraits":["https:\/\/kaptenikool.ee\/wp-content\/uploads\/2026\/03\/hero_bg-scaled_compressed.webp",2560,1440,false],"thumbnail":["https:\/\/kaptenikool.ee\/wp-content\/uploads\/2026\/03\/hero_bg-scaled_compressed-150x150.webp",150,150,true],"medium":["https:\/\/kaptenikool.ee\/wp-content\/uploads\/2026\/03\/hero_bg-scaled_compressed-300x169.webp",300,169,true],"large":["https:\/\/kaptenikool.ee\/wp-content\/uploads\/2026\/03\/hero_bg-scaled_compressed-1024x576.webp",1024,576,true],"1536x1536":["https:\/\/kaptenikool.ee\/wp-content\/uploads\/2026\/03\/hero_bg-scaled_compressed-1536x864.webp",1536,864,true],"2048x2048":["https:\/\/kaptenikool.ee\/wp-content\/uploads\/2026\/03\/hero_bg-scaled_compressed-2048x1152.webp",2048,1152,true],"trp-custom-language-flag":["https:\/\/kaptenikool.ee\/wp-content\/uploads\/2026\/03\/hero_bg-scaled_compressed-18x10.webp",18,10,true],"cart-image-thumb":["https:\/\/kaptenikool.ee\/wp-content\/uploads\/2026\/03\/hero_bg-scaled_compressed-160x90.webp",160,90,true],"woocommerce_thumbnail":["https:\/\/kaptenikool.ee\/wp-content\/uploads\/2026\/03\/hero_bg-scaled_compressed-300x300.webp",300,300,true],"woocommerce_single":["https:\/\/kaptenikool.ee\/wp-content\/uploads\/2026\/03\/hero_bg-scaled_compressed-600x338.webp",600,338,true],"woocommerce_gallery_thumbnail":["https:\/\/kaptenikool.ee\/wp-content\/uploads\/2026\/03\/hero_bg-scaled_compressed-100x100.webp",100,100,true]},"rttpg_author":{"display_name":"Arendaja","author_link":"https:\/\/kaptenikool.ee\/en\/author\/arendaja\/"},"rttpg_comment":0,"rttpg_category":null,"rttpg_excerpt":"kasutajatingimused Kaptenikooli kasutajatingimused \u00dcldinfo Kaptenikooli veebikeskkonna kasutajatingimused (edaspidi Tingimused) kohalduvad internetilehek\u00fcljele kaptenikool.ee ning selle alamlehek\u00fclgedele (edaspidi Veebikeskkond), mis","_links":{"self":[{"href":"https:\/\/kaptenikool.ee\/en\/wp-json\/wp\/v2\/pages\/2326","targetHints":{"allow":["GET"]}}],"collection":[{"href":"https:\/\/kaptenikool.ee\/en\/wp-json\/wp\/v2\/pages"}],"about":[{"href":"https:\/\/kaptenikool.ee\/en\/wp-json\/wp\/v2\/types\/page"}],"author":[{"embeddable":true,"href":"https:\/\/kaptenikool.ee\/en\/wp-json\/wp\/v2\/users\/2"}],"replies":[{"embeddable":true,"href":"https:\/\/kaptenikool.ee\/en\/wp-json\/wp\/v2\/comments?post=2326"}],"version-history":[{"count":5,"href":"https:\/\/kaptenikool.ee\/en\/wp-json\/wp\/v2\/pages\/2326\/revisions"}],"predecessor-version":[{"id":5993,"href":"https:\/\/kaptenikool.ee\/en\/wp-json\/wp\/v2\/pages\/2326\/revisions\/5993"}],"wp:featuredmedia":[{"embeddable":true,"href":"https:\/\/kaptenikool.ee\/en\/wp-json\/wp\/v2\/media\/7226"}],"wp:attachment":[{"href":"https:\/\/kaptenikool.ee\/en\/wp-json\/wp\/v2\/media?parent=2326"}],"curies":[{"name":"wp","href":"https:\/\/api.w.org\/{rel}","templated":true}]}}