{"id":3969,"date":"2025-05-12T22:48:24","date_gmt":"2025-05-12T22:48:24","guid":{"rendered":"https:\/\/kaptenikool.ee\/?page_id=3969"},"modified":"2026-03-16T23:06:39","modified_gmt":"2026-03-16T21:06:39","slug":"blogi","status":"publish","type":"page","link":"https:\/\/kaptenikool.ee\/en\/blogi\/","title":{"rendered":"Blogi"},"content":{"rendered":"<div data-elementor-type=\"wp-page\" data-elementor-id=\"3969\" class=\"elementor elementor-3969\">\n\t\t\t\t<div class=\"elementor-element elementor-element-41e0be3 e-flex e-con-boxed e-con e-parent\" data-id=\"41e0be3\" data-element_type=\"container\" data-e-type=\"container\" data-settings=\"{&quot;background_background&quot;:&quot;classic&quot;}\">\n\t\t\t\t\t<div class=\"e-con-inner\">\n\t\t<div class=\"elementor-element elementor-element-12def20 e-con-full e-flex e-con e-child\" data-id=\"12def20\" data-element_type=\"container\" data-e-type=\"container\">\n\t\t\t\t<div class=\"elementor-element elementor-element-6ebf1ee elementor-invisible elementor-widget elementor-widget-heading\" data-id=\"6ebf1ee\" data-element_type=\"widget\" data-e-type=\"widget\" data-settings=\"{&quot;_animation&quot;:&quot;fadeIn&quot;}\" data-widget_type=\"heading.default\">\n\t\t\t\t<div class=\"elementor-widget-container\">\n\t\t\t\t\t<h1 class=\"elementor-heading-title elementor-size-default\">Blogi<\/h1>\t\t\t\t<\/div>\n\t\t\t\t<\/div>\n\t\t\t\t<\/div>\n\t\t\t\t\t<\/div>\n\t\t\t\t<\/div>\n\t\t<div class=\"elementor-element elementor-element-f48d5c3 e-flex e-con-boxed e-con e-parent\" data-id=\"f48d5c3\" data-element_type=\"container\" data-e-type=\"container\">\n\t\t\t\t\t<div class=\"e-con-inner\">\n\t\t\t\t<div class=\"elementor-element elementor-element-2dea361 meta-visibility-show title_position_default title_hover_border_default title-default img_hover_animation_default meta_position_default readmore-btn-default-style grid-hover-overlay-type-always tpg-el-box-border-enable tpg-border-bottom-disable elementor-widget elementor-widget-tpg-grid-layout\" data-id=\"2dea361\" data-element_type=\"widget\" data-e-type=\"widget\" data-widget_type=\"tpg-grid-layout.default\">\n\t\t\t\t<div class=\"elementor-widget-container\">\n\t\t\t\t\t\t\t<div class=\"rt-container-fluid rt-tpg-container tpg-el-main-wrapper clearfix grid-layout4-main\"\n\t\t\t id=\"rt-tpg-container-152691943\"\n\t\t\t data-layout=\"grid-layout4\"\n\t\t\t data-grid-style=\"tpg-full-height\"\n\t\t\t data-sc-id=\"elementor\"\n\t\t\t data-el-settings=''\n\t\t\t data-el-query=''\n\t\t\t data-el-path=''\n\t\t>\n\t\t\t\t\t\t<div class='tpg-header-wrapper'>\n\t\t\t\t\t\t\t<\/div>\n\n\t\t\t<div data-title=\"Loading ...\" class=\"rt-row rt-content-loader grid-layout4 grid-behaviour tpg-full-height grid_layout_wrapper\">\n\t\t\t\t\n<div class=\"rt-col-md-4 rt-col-sm-6 rt-col-xs-12 default rt-grid-item\" data-id=\"2094\">\n\t<div class=\"rt-holder tpg-post-holder\">\n\t\t<div class=\"rt-detail rt-el-content-wrapper\">\n\t\t\t\t\t\t\t<div class=\"rt-img-holder tpg-el-image-wrap has-thumbnail\">\n\t\t\t\t\t<a data-id=\"2094\" href=\"https:\/\/kaptenikool.ee\/en\/koertega-merele\/\" class=\"tpg-post-link\" target=\"_self\">                        <img fetchpriority=\"high\" decoding=\"async\" src=\"https:\/\/kaptenikool.ee\/wp-content\/uploads\/2025\/06\/Brit_koerad-768x426.png\"\n                             class=\"rt-img-responsive\"\n                             width=\"768\"\n                             height=\"426\"\n                             alt=\"Koertega merele!\">\n\t\t\t\t\t\t\n\t\t\t\t\t\t\t\n\t\t<\/a>\n\t\t        <div class=\"overlay grid-hover-content\"><\/div>\n\t\t\t\t\t\t<\/div>\n\t\t\t\n\t\t\t<div class=\"entry-title-wrapper\"><h2 class=\"entry-title\"><a data-id=\"2094\" href=\"https:\/\/kaptenikool.ee\/en\/koertega-merele\/\" class=\"tpg-post-link\" target=\"_self\">Koertega merele!<\/a><\/h2><\/div>\n\t\t\t\t\t\t\t<div class=\"post-meta-tags rt-el-post-meta\">\n\t\t\t\t\t\t\t\t\t<\/div>\n\t\t\t\n\t\t\t\t\t\t\t<div class=\"tpg-excerpt tpg-el-excerpt\">\n\t\t\t\t\t\t\t\t\t\t\t<div class=\"tpg-excerpt-inner\">\n\t\t\t\t\t\t\tSee lugu on koeras\u00f5pradele! Millega tasub arvestada, kui koos oma neljajalgse...\t\t\t\t\t\t<\/div>\n\t\t\t\t\t\t\t\t\t\t\t\t\t\t<\/div>\n\t\t\t\n\t\t\t        <div class=\"post-footer\">\n            <div class=\"post-footer\">\n                <div class=\"read-more\">\n\t\t\t\t\t<a data-id=\"2094\" href=\"https:\/\/kaptenikool.ee\/en\/koertega-merele\/\" class=\"tpg-post-link\" target=\"_self\">Loe edasi<\/a>                <\/div>\n            <\/div>\n        <\/div>\n\t\t\t\t<\/div>\n\t<\/div>\n<\/div>\n\n<div class=\"rt-col-md-4 rt-col-sm-6 rt-col-xs-12 default rt-grid-item\" data-id=\"2090\">\n\t<div class=\"rt-holder tpg-post-holder\">\n\t\t<div class=\"rt-detail rt-el-content-wrapper\">\n\t\t\t\t\t\t\t<div class=\"rt-img-holder tpg-el-image-wrap has-thumbnail\">\n\t\t\t\t\t<a data-id=\"2090\" href=\"https:\/\/kaptenikool.ee\/en\/eesti-saared-pakuvad-vaart-matkamise-voimalusi\/\" class=\"tpg-post-link\" target=\"_self\">                        <img decoding=\"async\" src=\"https:\/\/kaptenikool.ee\/wp-content\/uploads\/2025\/06\/Innar-768x440.png\"\n                             class=\"rt-img-responsive\"\n                             width=\"768\"\n                             height=\"440\"\n                             alt=\"Eesti saared pakuvad v\u00e4\u00e4rt matkamise v\u00f5imalusi\">\n\t\t\t\t\t\t\n\t\t\t\t\t\t\t\n\t\t<\/a>\n\t\t        <div class=\"overlay grid-hover-content\"><\/div>\n\t\t\t\t\t\t<\/div>\n\t\t\t\n\t\t\t<div class=\"entry-title-wrapper\"><h2 class=\"entry-title\"><a data-id=\"2090\" href=\"https:\/\/kaptenikool.ee\/en\/eesti-saared-pakuvad-vaart-matkamise-voimalusi\/\" class=\"tpg-post-link\" target=\"_self\">Eesti saared pakuvad v\u00e4\u00e4rt matkamise v\u00f5imalusi<\/a><\/h2><\/div>\n\t\t\t\t\t\t\t<div class=\"post-meta-tags rt-el-post-meta\">\n\t\t\t\t\t\t\t\t\t<\/div>\n\t\t\t\n\t\t\t\t\t\t\t<div class=\"tpg-excerpt tpg-el-excerpt\">\n\t\t\t\t\t\t\t\t\t\t\t<div class=\"tpg-excerpt-inner\">\n\t\t\t\t\t\t\tHea p\u00f5hjus, miks \u00f5ppida v\u00e4ikelaevnikuks! Meres\u00f5iduhuviline\u00a0Innar jagab oma lugu...\t\t\t\t\t\t<\/div>\n\t\t\t\t\t\t\t\t\t\t\t\t\t\t<\/div>\n\t\t\t\n\t\t\t        <div class=\"post-footer\">\n            <div class=\"post-footer\">\n                <div class=\"read-more\">\n\t\t\t\t\t<a data-id=\"2090\" href=\"https:\/\/kaptenikool.ee\/en\/eesti-saared-pakuvad-vaart-matkamise-voimalusi\/\" class=\"tpg-post-link\" target=\"_self\">Loe edasi<\/a>                <\/div>\n            <\/div>\n        <\/div>\n\t\t\t\t<\/div>\n\t<\/div>\n<\/div>\n\n<div class=\"rt-col-md-4 rt-col-sm-6 rt-col-xs-12 default rt-grid-item\" data-id=\"2074\">\n\t<div class=\"rt-holder tpg-post-holder\">\n\t\t<div class=\"rt-detail rt-el-content-wrapper\">\n\t\t\t\t\t\t\t<div class=\"rt-img-holder tpg-el-image-wrap has-thumbnail\">\n\t\t\t\t\t<a data-id=\"2074\" href=\"https:\/\/kaptenikool.ee\/en\/head-meresoidu-piirkonnad-euroopas-kreeka-ja-horvaatia\/\" class=\"tpg-post-link\" target=\"_self\">                        <img decoding=\"async\" src=\"https:\/\/kaptenikool.ee\/wp-content\/uploads\/2025\/06\/Pedro-Cabral_sihtkohad-768x360.jpg\"\n                             class=\"rt-img-responsive\"\n                             width=\"768\"\n                             height=\"360\"\n                             alt=\"Head meres\u00f5idu piirkonnad Euroopas: Kreeka ja Horvaatia\">\n\t\t\t\t\t\t\n\t\t\t\t\t\t\t\n\t\t<\/a>\n\t\t        <div class=\"overlay grid-hover-content\"><\/div>\n\t\t\t\t\t\t<\/div>\n\t\t\t\n\t\t\t<div class=\"entry-title-wrapper\"><h2 class=\"entry-title\"><a data-id=\"2074\" href=\"https:\/\/kaptenikool.ee\/en\/head-meresoidu-piirkonnad-euroopas-kreeka-ja-horvaatia\/\" class=\"tpg-post-link\" target=\"_self\">Head meres\u00f5idu piirkonnad Euroopas: Kreeka ja Horvaatia<\/a><\/h2><\/div>\n\t\t\t\t\t\t\t<div class=\"post-meta-tags rt-el-post-meta\">\n\t\t\t\t\t\t\t\t\t<\/div>\n\t\t\t\n\t\t\t\t\t\t\t<div class=\"tpg-excerpt tpg-el-excerpt\">\n\t\t\t\t\t\t\t\t\t\t\t<div class=\"tpg-excerpt-inner\">\n\t\t\t\t\t\t\tKuniks Eestis on tali, siis kuhu minna paadiga s\u00f5itma? Kipper Pedro @5Sails...\t\t\t\t\t\t<\/div>\n\t\t\t\t\t\t\t\t\t\t\t\t\t\t<\/div>\n\t\t\t\n\t\t\t        <div class=\"post-footer\">\n            <div class=\"post-footer\">\n                <div class=\"read-more\">\n\t\t\t\t\t<a data-id=\"2074\" href=\"https:\/\/kaptenikool.ee\/en\/head-meresoidu-piirkonnad-euroopas-kreeka-ja-horvaatia\/\" class=\"tpg-post-link\" target=\"_self\">Loe edasi<\/a>                <\/div>\n            <\/div>\n        <\/div>\n\t\t\t\t<\/div>\n\t<\/div>\n<\/div>\n\n<div class=\"rt-col-md-4 rt-col-sm-6 rt-col-xs-12 default rt-grid-item\" data-id=\"1740\">\n\t<div class=\"rt-holder tpg-post-holder\">\n\t\t<div class=\"rt-detail rt-el-content-wrapper\">\n\t\t\t\t\t\t\t<div class=\"rt-img-holder tpg-el-image-wrap has-thumbnail\">\n\t\t\t\t\t<a data-id=\"1740\" href=\"https:\/\/kaptenikool.ee\/en\/video-heaks-purjetajaks-saab-labi-praktika\/\" class=\"tpg-post-link\" target=\"_self\">                        <img loading=\"lazy\" decoding=\"async\" src=\"https:\/\/kaptenikool.ee\/wp-content\/uploads\/2025\/06\/Nikita-Fedonkin-768x409.png\"\n                             class=\"rt-img-responsive\"\n                             width=\"768\"\n                             height=\"409\"\n                             alt=\"VIDEO: Heaks purjetajaks saab l\u00e4bi praktika!\">\n\t\t\t\t\t\t\n\t\t\t\t\t\t\t\n\t\t<\/a>\n\t\t        <div class=\"overlay grid-hover-content\"><\/div>\n\t\t\t\t\t\t<\/div>\n\t\t\t\n\t\t\t<div class=\"entry-title-wrapper\"><h2 class=\"entry-title\"><a data-id=\"1740\" href=\"https:\/\/kaptenikool.ee\/en\/video-heaks-purjetajaks-saab-labi-praktika\/\" class=\"tpg-post-link\" target=\"_self\">VIDEO: Heaks purjetajaks saab l\u00e4bi praktika!<\/a><\/h2><\/div>\n\t\t\t\t\t\t\t<div class=\"post-meta-tags rt-el-post-meta\">\n\t\t\t\t\t\t\t\t\t<\/div>\n\t\t\t\n\t\t\t\t\t\t\t<div class=\"tpg-excerpt tpg-el-excerpt\">\n\t\t\t\t\t\t\t\t\t\t\t<div class=\"tpg-excerpt-inner\">\n\t\t\t\t\t\t\tNorth Dream Yacht kapten Nikita Fedonkin teab, et purjeprofiks teeb praktika...\t\t\t\t\t\t<\/div>\n\t\t\t\t\t\t\t\t\t\t\t\t\t\t<\/div>\n\t\t\t\n\t\t\t        <div class=\"post-footer\">\n            <div class=\"post-footer\">\n                <div class=\"read-more\">\n\t\t\t\t\t<a data-id=\"1740\" href=\"https:\/\/kaptenikool.ee\/en\/video-heaks-purjetajaks-saab-labi-praktika\/\" class=\"tpg-post-link\" target=\"_self\">Loe edasi<\/a>                <\/div>\n            <\/div>\n        <\/div>\n\t\t\t\t<\/div>\n\t<\/div>\n<\/div>\n\n<div class=\"rt-col-md-4 rt-col-sm-6 rt-col-xs-12 default rt-grid-item\" data-id=\"1720\">\n\t<div class=\"rt-holder tpg-post-holder\">\n\t\t<div class=\"rt-detail rt-el-content-wrapper\">\n\t\t\t\t\t\t\t<div class=\"rt-img-holder tpg-el-image-wrap has-thumbnail\">\n\t\t\t\t\t<a data-id=\"1720\" href=\"https:\/\/kaptenikool.ee\/en\/paastevest-selga\/\" class=\"tpg-post-link\" target=\"_self\">                        <img loading=\"lazy\" decoding=\"async\" src=\"https:\/\/kaptenikool.ee\/wp-content\/uploads\/2025\/06\/IMG_1043-scaled-1-768x576.jpg\"\n                             class=\"rt-img-responsive\"\n                             width=\"768\"\n                             height=\"576\"\n                             alt=\"VIDEO: P\u00e4\u00e4stevest selga!\">\n\t\t\t\t\t\t\n\t\t\t\t\t\t\t\n\t\t<\/a>\n\t\t        <div class=\"overlay grid-hover-content\"><\/div>\n\t\t\t\t\t\t<\/div>\n\t\t\t\n\t\t\t<div class=\"entry-title-wrapper\"><h2 class=\"entry-title\"><a data-id=\"1720\" href=\"https:\/\/kaptenikool.ee\/en\/paastevest-selga\/\" class=\"tpg-post-link\" target=\"_self\">VIDEO: P\u00e4\u00e4stevest selga!<\/a><\/h2><\/div>\n\t\t\t\t\t\t\t<div class=\"post-meta-tags rt-el-post-meta\">\n\t\t\t\t\t\t\t\t\t<\/div>\n\t\t\t\n\t\t\t\t\t\t\t<div class=\"tpg-excerpt tpg-el-excerpt\">\n\t\t\t\t\t\t\t\t\t\t\t<div class=\"tpg-excerpt-inner\">\n\t\t\t\t\t\t\tOlgugi, et p\u00e4ike paistab ja tuul on leebe, siis p\u00e4\u00e4stevest hoia ikka alati...\t\t\t\t\t\t<\/div>\n\t\t\t\t\t\t\t\t\t\t\t\t\t\t<\/div>\n\t\t\t\n\t\t\t        <div class=\"post-footer\">\n            <div class=\"post-footer\">\n                <div class=\"read-more\">\n\t\t\t\t\t<a data-id=\"1720\" href=\"https:\/\/kaptenikool.ee\/en\/paastevest-selga\/\" class=\"tpg-post-link\" target=\"_self\">Loe edasi<\/a>                <\/div>\n            <\/div>\n        <\/div>\n\t\t\t\t<\/div>\n\t<\/div>\n<\/div>\n\n<div class=\"rt-col-md-4 rt-col-sm-6 rt-col-xs-12 default rt-grid-item\" data-id=\"1666\">\n\t<div class=\"rt-holder tpg-post-holder\">\n\t\t<div class=\"rt-detail rt-el-content-wrapper\">\n\t\t\t\t\t\t\t<div class=\"rt-img-holder tpg-el-image-wrap has-thumbnail\">\n\t\t\t\t\t<a data-id=\"1666\" href=\"https:\/\/kaptenikool.ee\/en\/video-tudrukutega-merel\/\" class=\"tpg-post-link\" target=\"_self\">                        <img loading=\"lazy\" decoding=\"async\" src=\"https:\/\/kaptenikool.ee\/wp-content\/uploads\/2017\/06\/MG_5586-768x512.jpg\"\n                             class=\"rt-img-responsive\"\n                             width=\"768\"\n                             height=\"512\"\n                             alt=\"VIDEO: T\u00fcdrukutega merel\">\n\t\t\t\t\t\t\n\t\t\t\t\t\t\t\n\t\t<\/a>\n\t\t        <div class=\"overlay grid-hover-content\"><\/div>\n\t\t\t\t\t\t<\/div>\n\t\t\t\n\t\t\t<div class=\"entry-title-wrapper\"><h2 class=\"entry-title\"><a data-id=\"1666\" href=\"https:\/\/kaptenikool.ee\/en\/video-tudrukutega-merel\/\" class=\"tpg-post-link\" target=\"_self\">VIDEO: T\u00fcdrukutega merel<\/a><\/h2><\/div>\n\t\t\t\t\t\t\t<div class=\"post-meta-tags rt-el-post-meta\">\n\t\t\t\t\t\t\t\t\t<\/div>\n\t\t\t\n\t\t\t\t\t\t\t<div class=\"tpg-excerpt tpg-el-excerpt\">\n\t\t\t\t\t\t\t\t\t\t\t<div class=\"tpg-excerpt-inner\">\n\t\t\t\t\t\t\tKaptenikool v\u00f5ttis s\u00f5brannad kaasa ja k\u00e4is merel. Ait\u00e4h Eva, Marleen, Lea...\t\t\t\t\t\t<\/div>\n\t\t\t\t\t\t\t\t\t\t\t\t\t\t<\/div>\n\t\t\t\n\t\t\t        <div class=\"post-footer\">\n            <div class=\"post-footer\">\n                <div class=\"read-more\">\n\t\t\t\t\t<a data-id=\"1666\" href=\"https:\/\/kaptenikool.ee\/en\/video-tudrukutega-merel\/\" class=\"tpg-post-link\" target=\"_self\">Loe edasi<\/a>                <\/div>\n            <\/div>\n        <\/div>\n\t\t\t\t<\/div>\n\t<\/div>\n<\/div>\n\n<div class=\"rt-col-md-4 rt-col-sm-6 rt-col-xs-12 default rt-grid-item\" data-id=\"1656\">\n\t<div class=\"rt-holder tpg-post-holder\">\n\t\t<div class=\"rt-detail rt-el-content-wrapper\">\n\t\t\t\t\t\t\t<div class=\"rt-img-holder tpg-el-image-wrap has-thumbnail\">\n\t\t\t\t\t<a data-id=\"1656\" href=\"https:\/\/kaptenikool.ee\/en\/video-kuidas-purjetamise-pisik-nakkab\/\" class=\"tpg-post-link\" target=\"_self\">                        <img loading=\"lazy\" decoding=\"async\" src=\"https:\/\/kaptenikool.ee\/wp-content\/uploads\/2025\/06\/image1-768x768.jpg\"\n                             class=\"rt-img-responsive\"\n                             width=\"768\"\n                             height=\"768\"\n                             alt=\"VIDEO: Kuidas purjetamise pisik nakkab?\">\n\t\t\t\t\t\t\n\t\t\t\t\t\t\t\n\t\t<\/a>\n\t\t        <div class=\"overlay grid-hover-content\"><\/div>\n\t\t\t\t\t\t<\/div>\n\t\t\t\n\t\t\t<div class=\"entry-title-wrapper\"><h2 class=\"entry-title\"><a data-id=\"1656\" href=\"https:\/\/kaptenikool.ee\/en\/video-kuidas-purjetamise-pisik-nakkab\/\" class=\"tpg-post-link\" target=\"_self\">VIDEO: Kuidas purjetamise pisik nakkab?<\/a><\/h2><\/div>\n\t\t\t\t\t\t\t<div class=\"post-meta-tags rt-el-post-meta\">\n\t\t\t\t\t\t\t\t\t<\/div>\n\t\t\t\n\t\t\t\t\t\t\t<div class=\"tpg-excerpt tpg-el-excerpt\">\n\t\t\t\t\t\t\t\t\t\t\t<div class=\"tpg-excerpt-inner\">\n\t\t\t\t\t\t\tMeremehed r\u00e4\u00e4givad, et kui purjetamise pisik nakkab, siis on see eluks ajaks...\t\t\t\t\t\t<\/div>\n\t\t\t\t\t\t\t\t\t\t\t\t\t\t<\/div>\n\t\t\t\n\t\t\t        <div class=\"post-footer\">\n            <div class=\"post-footer\">\n                <div class=\"read-more\">\n\t\t\t\t\t<a data-id=\"1656\" href=\"https:\/\/kaptenikool.ee\/en\/video-kuidas-purjetamise-pisik-nakkab\/\" class=\"tpg-post-link\" target=\"_self\">Loe edasi<\/a>                <\/div>\n            <\/div>\n        <\/div>\n\t\t\t\t<\/div>\n\t<\/div>\n<\/div>\n\n<div class=\"rt-col-md-4 rt-col-sm-6 rt-col-xs-12 default rt-grid-item\" data-id=\"1589\">\n\t<div class=\"rt-holder tpg-post-holder\">\n\t\t<div class=\"rt-detail rt-el-content-wrapper\">\n\t\t\t\t\t\t\t<div class=\"rt-img-holder tpg-el-image-wrap has-thumbnail\">\n\t\t\t\t\t<a data-id=\"1589\" href=\"https:\/\/kaptenikool.ee\/en\/kuidas-merele-minekuks-ettevalmistuda\/\" class=\"tpg-post-link\" target=\"_self\">                        <img loading=\"lazy\" decoding=\"async\" src=\"https:\/\/kaptenikool.ee\/wp-content\/uploads\/2017\/05\/Rene-768x435.png\"\n                             class=\"rt-img-responsive\"\n                             width=\"768\"\n                             height=\"435\"\n                             alt=\"VIDEO: Kuidas merele minekuks ettevalmistuda?\">\n\t\t\t\t\t\t\n\t\t\t\t\t\t\t\n\t\t<\/a>\n\t\t        <div class=\"overlay grid-hover-content\"><\/div>\n\t\t\t\t\t\t<\/div>\n\t\t\t\n\t\t\t<div class=\"entry-title-wrapper\"><h2 class=\"entry-title\"><a data-id=\"1589\" href=\"https:\/\/kaptenikool.ee\/en\/kuidas-merele-minekuks-ettevalmistuda\/\" class=\"tpg-post-link\" target=\"_self\">VIDEO: Kuidas merele minekuks ettevalmistuda?<\/a><\/h2><\/div>\n\t\t\t\t\t\t\t<div class=\"post-meta-tags rt-el-post-meta\">\n\t\t\t\t\t\t\t\t\t<\/div>\n\t\t\t\n\t\t\t\t\t\t\t<div class=\"tpg-excerpt tpg-el-excerpt\">\n\t\t\t\t\t\t\t\t\t\t\t<div class=\"tpg-excerpt-inner\">\n\t\t\t\t\t\t\tTark ei torma! Enne merele minekut on ettevalmistuseks 3\u00a0p\u00f5hireeglit: Vaata...\t\t\t\t\t\t<\/div>\n\t\t\t\t\t\t\t\t\t\t\t\t\t\t<\/div>\n\t\t\t\n\t\t\t        <div class=\"post-footer\">\n            <div class=\"post-footer\">\n                <div class=\"read-more\">\n\t\t\t\t\t<a data-id=\"1589\" href=\"https:\/\/kaptenikool.ee\/en\/kuidas-merele-minekuks-ettevalmistuda\/\" class=\"tpg-post-link\" target=\"_self\">Loe edasi<\/a>                <\/div>\n            <\/div>\n        <\/div>\n\t\t\t\t<\/div>\n\t<\/div>\n<\/div>\n\n<div class=\"rt-col-md-4 rt-col-sm-6 rt-col-xs-12 default rt-grid-item\" data-id=\"1585\">\n\t<div class=\"rt-holder tpg-post-holder\">\n\t\t<div class=\"rt-detail rt-el-content-wrapper\">\n\t\t\t\t\t\t\t<div class=\"rt-img-holder tpg-el-image-wrap has-thumbnail\">\n\t\t\t\t\t<a data-id=\"1585\" href=\"https:\/\/kaptenikool.ee\/en\/koik-merele\/\" class=\"tpg-post-link\" target=\"_self\">                        <img loading=\"lazy\" decoding=\"async\" src=\"https:\/\/kaptenikool.ee\/wp-content\/uploads\/2017\/05\/MG_5687-768x475.jpg\"\n                             class=\"rt-img-responsive\"\n                             width=\"768\"\n                             height=\"475\"\n                             alt=\"K\u00f5ik merele!\">\n\t\t\t\t\t\t\n\t\t\t\t\t\t\t\n\t\t<\/a>\n\t\t        <div class=\"overlay grid-hover-content\"><\/div>\n\t\t\t\t\t\t<\/div>\n\t\t\t\n\t\t\t<div class=\"entry-title-wrapper\"><h2 class=\"entry-title\"><a data-id=\"1585\" href=\"https:\/\/kaptenikool.ee\/en\/koik-merele\/\" class=\"tpg-post-link\" target=\"_self\">K\u00f5ik merele!<\/a><\/h2><\/div>\n\t\t\t\t\t\t\t<div class=\"post-meta-tags rt-el-post-meta\">\n\t\t\t\t\t\t\t\t\t<\/div>\n\t\t\t\n\t\t\t\t\t\t\t<div class=\"tpg-excerpt tpg-el-excerpt\">\n\t\t\t\t\t\t\t\t\t\t\t<div class=\"tpg-excerpt-inner\">\n\t\t\t\t\t\t\tAhoi tulevane v\u00e4ikelaevajuht! Kas teadsid, et v\u00e4ikelaevajuhiks saab n\u00fc\u00fcd...\t\t\t\t\t\t<\/div>\n\t\t\t\t\t\t\t\t\t\t\t\t\t\t<\/div>\n\t\t\t\n\t\t\t        <div class=\"post-footer\">\n            <div class=\"post-footer\">\n                <div class=\"read-more\">\n\t\t\t\t\t<a data-id=\"1585\" href=\"https:\/\/kaptenikool.ee\/en\/koik-merele\/\" class=\"tpg-post-link\" target=\"_self\">Loe edasi<\/a>                <\/div>\n            <\/div>\n        <\/div>\n\t\t\t\t<\/div>\n\t<\/div>\n<\/div>\n\t\t\t<\/div>\n\t\t\t<div class='rt-pagination-wrap' data-total-pages='2' data-posts-per-page='' data-type='pagination'><div class=\"rt-pagination\"><ul class=\"pagination-list\"><li class=\"active\"><span>1<\/span><\/li><li><a data-paged=\"2\" href=\"https:\/\/kaptenikool.ee\/en\/wp-json\/wp\/v2\/pages\/3969\/page\/2\/\">2<\/a><\/li><\/ul><\/div><\/div>\n\t\t<\/div>\n\t\t\t\t\t\t<\/div>\n\t\t\t\t<\/div>\n\t\t\t\t\t<\/div>\n\t\t\t\t<\/div>\n\t\t\t\t<\/div>","protected":false},"excerpt":{"rendered":"<p>Blogi Koertega merele! See lugu on koeras\u00f5pradele! Millega tasub arvestada, kui koos oma neljajalgse&#8230; Loe edasi Eesti saared<\/p>","protected":false},"author":2,"featured_media":7226,"parent":0,"menu_order":0,"comment_status":"closed","ping_status":"closed","template":"elementor_header_footer","meta":{"_tutorstarter_page_metadata":[],"footnotes":""},"class_list":["post-3969","page","type-page","status-publish","has-post-thumbnail","hentry"],"rttpg_featured_image_url":{"full":["https:\/\/kaptenikool.ee\/wp-content\/uploads\/2026\/03\/hero_bg-scaled_compressed.webp",2560,1440,false],"landscape":["https:\/\/kaptenikool.ee\/wp-content\/uploads\/2026\/03\/hero_bg-scaled_compressed.webp",2560,1440,false],"portraits":["https:\/\/kaptenikool.ee\/wp-content\/uploads\/2026\/03\/hero_bg-scaled_compressed.webp",2560,1440,false],"thumbnail":["https:\/\/kaptenikool.ee\/wp-content\/uploads\/2026\/03\/hero_bg-scaled_compressed-150x150.webp",150,150,true],"medium":["https:\/\/kaptenikool.ee\/wp-content\/uploads\/2026\/03\/hero_bg-scaled_compressed-300x169.webp",300,169,true],"large":["https:\/\/kaptenikool.ee\/wp-content\/uploads\/2026\/03\/hero_bg-scaled_compressed-1024x576.webp",1024,576,true],"1536x1536":["https:\/\/kaptenikool.ee\/wp-content\/uploads\/2026\/03\/hero_bg-scaled_compressed-1536x864.webp",1536,864,true],"2048x2048":["https:\/\/kaptenikool.ee\/wp-content\/uploads\/2026\/03\/hero_bg-scaled_compressed-2048x1152.webp",2048,1152,true],"trp-custom-language-flag":["https:\/\/kaptenikool.ee\/wp-content\/uploads\/2026\/03\/hero_bg-scaled_compressed-18x10.webp",18,10,true],"cart-image-thumb":["https:\/\/kaptenikool.ee\/wp-content\/uploads\/2026\/03\/hero_bg-scaled_compressed-160x90.webp",160,90,true],"woocommerce_thumbnail":["https:\/\/kaptenikool.ee\/wp-content\/uploads\/2026\/03\/hero_bg-scaled_compressed-300x300.webp",300,300,true],"woocommerce_single":["https:\/\/kaptenikool.ee\/wp-content\/uploads\/2026\/03\/hero_bg-scaled_compressed-600x338.webp",600,338,true],"woocommerce_gallery_thumbnail":["https:\/\/kaptenikool.ee\/wp-content\/uploads\/2026\/03\/hero_bg-scaled_compressed-100x100.webp",100,100,true]},"rttpg_author":{"display_name":"Arendaja","author_link":"https:\/\/kaptenikool.ee\/en\/author\/arendaja\/"},"rttpg_comment":0,"rttpg_category":"","rttpg_excerpt":"Blogi Koertega merele! See lugu on koeras\u00f5pradele! Millega tasub arvestada, kui koos oma neljajalgse&#8230; Loe edasi Eesti saared","_links":{"self":[{"href":"https:\/\/kaptenikool.ee\/en\/wp-json\/wp\/v2\/pages\/3969","targetHints":{"allow":["GET"]}}],"collection":[{"href":"https:\/\/kaptenikool.ee\/en\/wp-json\/wp\/v2\/pages"}],"about":[{"href":"https:\/\/kaptenikool.ee\/en\/wp-json\/wp\/v2\/types\/page"}],"author":[{"embeddable":true,"href":"https:\/\/kaptenikool.ee\/en\/wp-json\/wp\/v2\/users\/2"}],"replies":[{"embeddable":true,"href":"https:\/\/kaptenikool.ee\/en\/wp-json\/wp\/v2\/comments?post=3969"}],"version-history":[{"count":5,"href":"https:\/\/kaptenikool.ee\/en\/wp-json\/wp\/v2\/pages\/3969\/revisions"}],"predecessor-version":[{"id":7225,"href":"https:\/\/kaptenikool.ee\/en\/wp-json\/wp\/v2\/pages\/3969\/revisions\/7225"}],"wp:featuredmedia":[{"embeddable":true,"href":"https:\/\/kaptenikool.ee\/en\/wp-json\/wp\/v2\/media\/7226"}],"wp:attachment":[{"href":"https:\/\/kaptenikool.ee\/en\/wp-json\/wp\/v2\/media?parent=3969"}],"curies":[{"name":"wp","href":"https:\/\/api.w.org\/{rel}","templated":true}]}}